{"id":1590,"date":"2023-06-13T21:38:07","date_gmt":"2023-06-13T21:38:07","guid":{"rendered":"https:\/\/www.sodeberg.de\/?page_id=1590"},"modified":"2023-06-14T06:40:00","modified_gmt":"2023-06-14T06:40:00","slug":"impressum-2","status":"publish","type":"page","link":"https:\/\/www.sodeberg.de\/?page_id=1590","title":{"rendered":"Impressum"},"content":{"rendered":"\t\t<div data-elementor-type=\"wp-page\" data-elementor-id=\"1590\" class=\"elementor elementor-1590\">\n\t\t\t\t\t\t\t\t\t<section class=\"elementor-section elementor-top-section elementor-element elementor-element-931a6bd elementor-section-boxed elementor-section-height-default elementor-section-height-default\" data-id=\"931a6bd\" data-element_type=\"section\">\n\t\t\t\t\t\t<div class=\"elementor-container elementor-column-gap-default\">\n\t\t\t\t\t<div class=\"elementor-column elementor-col-100 elementor-top-column elementor-element elementor-element-153d109\" data-id=\"153d109\" data-element_type=\"column\">\n\t\t\t<div class=\"elementor-widget-wrap elementor-element-populated\">\n\t\t\t\t\t\t\t\t<div class=\"elementor-element elementor-element-11cb741 elementor-widget elementor-widget-text-editor\" data-id=\"11cb741\" data-element_type=\"widget\" data-widget_type=\"text-editor.default\">\n\t\t\t\t<div class=\"elementor-widget-container\">\n\t\t\t<style>\/*! elementor - v3.13.3 - 28-05-2023 *\/\n.elementor-widget-text-editor.elementor-drop-cap-view-stacked .elementor-drop-cap{background-color:#69727d;color:#fff}.elementor-widget-text-editor.elementor-drop-cap-view-framed .elementor-drop-cap{color:#69727d;border:3px solid;background-color:transparent}.elementor-widget-text-editor:not(.elementor-drop-cap-view-default) .elementor-drop-cap{margin-top:8px}.elementor-widget-text-editor:not(.elementor-drop-cap-view-default) .elementor-drop-cap-letter{width:1em;height:1em}.elementor-widget-text-editor .elementor-drop-cap{float:left;text-align:center;line-height:1;font-size:50px}.elementor-widget-text-editor .elementor-drop-cap-letter{display:inline-block}<\/style>\t\t\t\t<h2>&nbsp;<\/h2>\n<div>\n<h3>Rechtlicher Hinweis gem\u00e4\u00df \u00a7 5 Telemediengesetz (TMG)<\/h3>\n<p><strong>SODEBERG Immobilien &amp; Objektverwaltung GmbH<\/strong><br>Maarstr. 1a<br>52499 Baesweiler<br>Deutschland<\/p>\n<p><\/p>\n<p><strong>Vertreten durch die Gesch\u00e4ftsf\u00fchrung:<\/strong><\/p>\n<p>Ender G\u00fcnay<\/p>\n<p><\/p>\n<p><strong>Kontakt<\/strong><br>E-Mail: info@sodeberg.de<\/p>\n<p><\/p>\n<p><strong>Firmendaten<\/strong><br>SODEBERG, eine Gesellschaft mit beschr\u00e4nkter Haftung, errichtet<br>nach deutschem Recht, mit Sitz in Baesweiler, eingetragen im<br>Handelsregister des Amtsgerichts Aachen unter der Nummer HRB 26427 <br>Steuernummer: folgt<br>Gemeindekennzahl: 05334008<\/p>\n<p><\/p>\n<p><strong>Inhaltlich Verantwortlicher gem\u00e4\u00df \u00a7 55 Absatz 2 Rundfunkstaatsvertrag (RStV)<\/strong> <br>Ender G\u00fcnay<\/p>\n<p><\/p>\n<p><strong>Urheberrecht<\/strong><br>Copyright 2023, SODEBERG Immobilien &amp; Objektverwaltung GmbH, Deutschland. Alle Rechte vorbehalten.<br>Texte, Bilder, Graphiken, Animationen und Videosequenzen sowie deren Anordnung<br>auf dieser Webseite unterliegen dem Schutz des Urheberrechts und<br>anderer Schutzgesetze.<\/p>\n<p>Der Inhalt dieser Webseiten darf nicht zu<br>kommerziellen Zwecken kopiert, verbreitet, ver\u00e4ndert oder f\u00fcr Dritte<br>zug\u00e4nglich gemacht werden. Einige der auf der Webseite befindlichen<br>Bilder unterliegen au\u00dferdem dem Urheberrecht Dritter.<\/p>\n<p><\/p>\n<p><strong>Marken<\/strong><br>Soweit nicht anders angegeben, sind alle Marken auf dieser Webseite<br>eigentumsrechtlich gesch\u00fctzt. Dies gilt insbesondere f\u00fcr Marken von SODEBERG,<br>Namensschilder, Firmenlogos und Embleme.<\/p>\n<\/div>\t\t\t\t\t\t<\/div>\n\t\t\t\t<\/div>\n\t\t\t\t\t<\/div>\n\t\t<\/div>\n\t\t\t\t\t\t\t<\/div>\n\t\t<\/section>\n\t\t\t\t\t\t\t<\/div>\n\t\t","protected":false},"excerpt":{"rendered":"<p>&nbsp; Rechtlicher Hinweis gem\u00e4\u00df \u00a7 5 Telemediengesetz (TMG) SODEBERG Immobilien &amp; Objektverwaltung GmbH Maarstr. 1a 52499 Baesweiler Deutschland Vertreten durch die Gesch\u00e4ftsf\u00fchrung: Ender G\u00fcnay Kontakt E-Mail: info@sodeberg.de Firmendaten SODEBERG, eine Gesellschaft mit beschr\u00e4nkter Haftung, errichtet nach deutschem Recht, mit Sitz in Baesweiler, eingetragen im Handelsregister des Amtsgerichts Aachen unter der&#8230; <\/p>\n<div class=\"readmore\"><a href=\"https:\/\/www.sodeberg.de\/?page_id=1590\" class=\"btn-link\">Read more<\/a><\/div>\n","protected":false},"author":1,"featured_media":0,"parent":0,"menu_order":0,"comment_status":"closed","ping_status":"closed","template":"elementor_canvas","meta":{"_mi_skip_tracking":false,"_monsterinsights_sitenote_active":false,"_monsterinsights_sitenote_note":"","_monsterinsights_sitenote_category":0,"footnotes":""},"class_list":["post-1590","page","type-page","status-publish","hentry"],"acf":[],"aioseo_notices":[],"_links":{"self":[{"href":"https:\/\/www.sodeberg.de\/index.php?rest_route=\/wp\/v2\/pages\/1590","targetHints":{"allow":["GET"]}}],"collection":[{"href":"https:\/\/www.sodeberg.de\/index.php?rest_route=\/wp\/v2\/pages"}],"about":[{"href":"https:\/\/www.sodeberg.de\/index.php?rest_route=\/wp\/v2\/types\/page"}],"author":[{"embeddable":true,"href":"https:\/\/www.sodeberg.de\/index.php?rest_route=\/wp\/v2\/users\/1"}],"replies":[{"embeddable":true,"href":"https:\/\/www.sodeberg.de\/index.php?rest_route=%2Fwp%2Fv2%2Fcomments&post=1590"}],"version-history":[{"count":8,"href":"https:\/\/www.sodeberg.de\/index.php?rest_route=\/wp\/v2\/pages\/1590\/revisions"}],"predecessor-version":[{"id":1617,"href":"https:\/\/www.sodeberg.de\/index.php?rest_route=\/wp\/v2\/pages\/1590\/revisions\/1617"}],"wp:attachment":[{"href":"https:\/\/www.sodeberg.de\/index.php?rest_route=%2Fwp%2Fv2%2Fmedia&parent=1590"}],"curies":[{"name":"wp","href":"https:\/\/api.w.org\/{rel}","templated":true}]}}